{"id":24022,"date":"2021-05-17T16:18:53","date_gmt":"2021-05-17T13:18:53","guid":{"rendered":"https:\/\/uus.studionelk.ee\/koik-tooted\/ood-hotels-giftcard\/"},"modified":"2021-08-17T21:35:05","modified_gmt":"2021-08-17T18:35:05","slug":"ood-hotels-giftcard","status":"publish","type":"product","link":"https:\/\/uus.studionelk.ee\/en\/toode\/ood-hotels-giftcard\/","title":{"rendered":"\u00d6\u00d6D Hotels giftcard"},"content":{"rendered":"<h3>\u00d6\u00d6D Hotels giftcard<\/h3>\n<p>&nbsp;<\/p>\n<p>Disconnect to connect. Find a perfect place for vacation.<\/p>\n<p>\u00d6\u00d6D Hotels giftcard 150\u20ac\u00a0or 200\u20ac. More info in <a href=\"https:\/\/www.oodhotels.ee\" target=\"_blank\" rel=\"noopener\">www.oodhotels.ee<\/a><\/p>\n","protected":false},"excerpt":{"rendered":"<h3>\u00d6\u00d6D Hotels giftcard<\/h3>\n<p>Disconnect to connect. Find a perfect place for vacation.<\/p>\n<p>\u00d6\u00d6D Hotels giftcard 150\u20ac\u00a0or 200\u20ac. More info in <a href=\"https:\/\/www.oodhotels.ee\">www.oodhotels.ee<\/a><\/p>\n<p>&nbsp;<\/p>\n","protected":false},"featured_media":23002,"template":"","meta":{"_kad_post_transparent":"","_kad_post_title":"","_kad_post_layout":"","_kad_post_sidebar_id":"","_kad_post_content_style":"","_kad_post_vertical_padding":"","_kad_post_feature":"","_kad_post_feature_position":"","_kad_post_header":false,"_kad_post_footer":false},"product_cat":[82],"product_tag":[],"class_list":{"0":"post-24022","1":"product","2":"type-product","3":"status-publish","4":"has-post-thumbnail","6":"product_cat-gifts","7":"tm-no-options","9":"first","10":"outofstock","11":"taxable","12":"shipping-taxable","13":"purchasable","14":"product-type-variable","15":"has-default-attributes","16":"entry","17":"content-bg","18":"loop-entry"},"_links":{"self":[{"href":"https:\/\/uus.studionelk.ee\/en\/wp-json\/wp\/v2\/product\/24022","targetHints":{"allow":["GET"]}}],"collection":[{"href":"https:\/\/uus.studionelk.ee\/en\/wp-json\/wp\/v2\/product"}],"about":[{"href":"https:\/\/uus.studionelk.ee\/en\/wp-json\/wp\/v2\/types\/product"}],"version-history":[{"count":1,"href":"https:\/\/uus.studionelk.ee\/en\/wp-json\/wp\/v2\/product\/24022\/revisions"}],"predecessor-version":[{"id":24026,"href":"https:\/\/uus.studionelk.ee\/en\/wp-json\/wp\/v2\/product\/24022\/revisions\/24026"}],"wp:featuredmedia":[{"embeddable":true,"href":"https:\/\/uus.studionelk.ee\/en\/wp-json\/wp\/v2\/media\/23002"}],"wp:attachment":[{"href":"https:\/\/uus.studionelk.ee\/en\/wp-json\/wp\/v2\/media?parent=24022"}],"wp:term":[{"taxonomy":"product_cat","embeddable":true,"href":"https:\/\/uus.studionelk.ee\/en\/wp-json\/wp\/v2\/product_cat?post=24022"},{"taxonomy":"product_tag","embeddable":true,"href":"https:\/\/uus.studionelk.ee\/en\/wp-json\/wp\/v2\/product_tag?post=24022"}],"curies":[{"name":"wp","href":"https:\/\/api.w.org\/{rel}","templated":true}]}}